{"id":2021,"date":"2025-09-06T23:05:03","date_gmt":"2025-09-06T23:05:03","guid":{"rendered":"https:\/\/plum-quetzal-437210.hostingersite.com\/?page_id=2021"},"modified":"2025-09-08T12:21:56","modified_gmt":"2025-09-08T12:21:56","slug":"contact-2","status":"publish","type":"page","link":"https:\/\/marketingbyaudrey.com\/en\/contact-2\/","title":{"rendered":"Contact"},"content":{"rendered":"<p>[et_pb_section fb_built=\u00a0\u00bb1&Prime; admin_label=\u00a0\u00bbHeader\u00a0\u00bb _builder_version=\u00a0\u00bb4.27.4&Prime; _module_preset=\u00a0\u00bbdefault\u00a0\u00bb background_color=\u00a0\u00bb#FFFFFF\u00a0\u00bb use_background_color_gradient=\u00a0\u00bbon\u00a0\u00bb background_color_gradient_stops=\u00a0\u00bb#0a0100 1%|rgba(41,196,169,0) 100%\u00a0\u00bb background_color_gradient_overlays_image=\u00a0\u00bbon\u00a0\u00bb background_image=\u00a0\u00bbhttps:\/\/marketingbyaudrey.com\/wp-content\/uploads\/2025\/09\/Marketing-by-Audrey-Posts-6.png\u00a0\u00bb parallax=\u00a0\u00bbon\u00a0\u00bb custom_padding=\u00a0\u00bb||54px|||\u00a0\u00bb bottom_divider_style=\u00a0\u00bbwave2&Prime; bottom_divider_color=\u00a0\u00bbgcid-e5288cac-7531-4886-94a8-3214a990522b\u00a0\u00bb bottom_divider_height=\u00a0\u00bb42px\u00a0\u00bb collapsed=\u00a0\u00bbon\u00a0\u00bb global_colors_info=\u00a0\u00bb{%22gcid-e5288cac-7531-4886-94a8-3214a990522b%22:%91%22bottom_divider_color%22%93}\u00a0\u00bb][et_pb_row _builder_version=\u00a0\u00bb4.27.4&Prime; _module_preset=\u00a0\u00bbdefault\u00a0\u00bb global_colors_info=\u00a0\u00bb{}\u00a0\u00bb][et_pb_column type=\u00a0\u00bb4_4&Prime; _builder_version=\u00a0\u00bb4.27.4&Prime; _module_preset=\u00a0\u00bbdefault\u00a0\u00bb global_colors_info=\u00a0\u00bb{}\u00a0\u00bb][et_pb_heading _builder_version=\u00a0\u00bb4.27.4&Prime; _module_preset=\u00a0\u00bba13b53a1-fb8e-4c35-94d3-18e2c649aaf0&Prime; max_width=\u00a0\u00bb800px\u00a0\u00bb global_colors_info=\u00a0\u00bb{}\u00a0\u00bb][\/et_pb_heading][\/et_pb_column][\/et_pb_row][et_pb_row column_structure=\u00a0\u00bb1_3,2_3&Prime; _builder_version=\u00a0\u00bb4.27.4&Prime; _module_preset=\u00a0\u00bbdefault\u00a0\u00bb custom_margin=\u00a0\u00bb117px|auto||auto||\u00a0\u00bb custom_margin_tablet=\u00a0\u00bb117px|auto||auto||\u00a0\u00bb custom_margin_phone=\u00a0\u00bb28px||||false|false\u00a0\u00bb custom_margin_last_edited=\u00a0\u00bbon|phone\u00a0\u00bb global_colors_info=\u00a0\u00bb{}\u00a0\u00bb][et_pb_column type=\u00a0\u00bb1_3&Prime; _builder_version=\u00a0\u00bb4.27.4&Prime; _module_preset=\u00a0\u00bbdefault\u00a0\u00bb global_colors_info=\u00a0\u00bb{}\u00a0\u00bb][et_pb_blurb title=\u00a0\u00bbT\u00e9l\u00e9phone\u00a0\u00bb use_icon=\u00a0\u00bbon\u00a0\u00bb font_icon=\u00a0\u00bb&#xf879;||fa||900&Prime; icon_color=\u00a0\u00bb#FFFFFF\u00a0\u00bb _builder_version=\u00a0\u00bb4.27.4&Prime; _module_preset=\u00a0\u00bb8971e820-8b60-471d-9b6a-a35b140ea251&Prime; header_text_color=\u00a0\u00bb#FFFFFF\u00a0\u00bb body_text_color=\u00a0\u00bb#FFFFFF\u00a0\u00bb hover_enabled=\u00a0\u00bb0&Prime; global_colors_info=\u00a0\u00bb{%22gcid-heading-color%22:%91%22body_quote_text_color%22,%22body_quote_text_color%22%93,%22gcid-6b5ee841-baf6-4126-949f-4c79d7f10130%22:%91%22icon_color%22%93,%22gcid-beb2c95b-3a59-4769-93ca-ebc39d60c20d%22:%91%22image_icon_background_color%22,%22image_icon_background_color%22%93}\u00a0\u00bb body_link_font=\u00a0\u00bb||||on|||#FFFFFF|\u00a0\u00bb body_link_text_color=\u00a0\u00bb#FFFFFF\u00a0\u00bb sticky_enabled=\u00a0\u00bb0&Prime;]<\/p>\n<p>(506) 888-4620<\/p>\n<p>[\/et_pb_blurb][et_pb_blurb title=\u00a0\u00bbEmail (la meilleur fa\u00e7on de nous contacter)\u00a0\u00bb use_icon=\u00a0\u00bbon\u00a0\u00bb font_icon=\u00a0\u00bb&#xf0e0;||fa||900&Prime; icon_color=\u00a0\u00bb#FFFFFF\u00a0\u00bb _builder_version=\u00a0\u00bb4.27.4&Prime; _module_preset=\u00a0\u00bb8971e820-8b60-471d-9b6a-a35b140ea251&Prime; header_text_color=\u00a0\u00bb#FFFFFF\u00a0\u00bb body_text_color=\u00a0\u00bb#FFFFFF\u00a0\u00bb body_link_font=\u00a0\u00bb||||on|||#FFFFFF|\u00a0\u00bb body_link_text_color=\u00a0\u00bb#FFFFFF\u00a0\u00bb global_colors_info=\u00a0\u00bb{%22gcid-heading-color%22:%91%22body_quote_text_color%22,%22body_quote_text_color%22%93,%22gcid-6b5ee841-baf6-4126-949f-4c79d7f10130%22:%91%22icon_color%22%93,%22gcid-beb2c95b-3a59-4769-93ca-ebc39d60c20d%22:%91%22image_icon_background_color%22,%22image_icon_background_color%22%93}\u00a0\u00bb]<\/p>\n<p><a href=\"mailto:#\">info@marketingbyaudrey.com<\/a><\/p>\n<p>&nbsp;<\/p>\n<p>[\/et_pb_blurb][\/et_pb_column][et_pb_column type=\u00a0\u00bb2_3&Prime; _builder_version=\u00a0\u00bb4.27.4&Prime; _module_preset=\u00a0\u00bb3019f74c-6fd3-4049-bc25-44ee90646ade\u00a0\u00bb global_colors_info=\u00a0\u00bb{}\u00a0\u00bb][et_pb_contact_form captcha=\u00a0\u00bboff\u00a0\u00bb title=\u00a0\u00bbContactez-nous\u00a0\u00bb _builder_version=\u00a0\u00bb4.27.4&Prime; _module_preset=\u00a0\u00bb4a0b96a8-bdf6-44a5-8e55-b5ac6bc88bef\u00a0\u00bb _unique_id=\u00a0\u00bb6c5c829b-1b4f-4fd3-9f7f-ef6834190f73&Prime; form_field_text_color=\u00a0\u00bb#FFFFFF\u00a0\u00bb title_text_color=\u00a0\u00bbgcid-e5288cac-7531-4886-94a8-3214a990522b\u00a0\u00bb captcha_text_color=\u00a0\u00bb#FFFFFF\u00a0\u00bb global_colors_info=\u00a0\u00bb{%22gcid-a1ea5ebf-c0a9-4cdc-9f7b-bb2349a290be%22:%91%22border_color_all%22,%22border_color_all%22,%22border_color_all%22,%22border_color_all%22%93,%22gcid-6b5ee841-baf6-4126-949f-4c79d7f10130%22:%91%22button_bg_color%22,%22button_bg_color%22,%22button_bg_color%22,%22button_bg_color%22%93,%22gcid-e5288cac-7531-4886-94a8-3214a990522b%22:%91%22title_text_color%22%93}\u00a0\u00bb][et_pb_contact_field field_id=\u00a0\u00bbName\u00a0\u00bb field_title=\u00a0\u00bbName\u00a0\u00bb _builder_version=\u00a0\u00bb4.16&Prime; global_colors_info=\u00a0\u00bb{}\u00a0\u00bb button_text_size__hover_enabled=\u00a0\u00bboff\u00a0\u00bb button_one_text_size__hover_enabled=\u00a0\u00bboff\u00a0\u00bb button_two_text_size__hover_enabled=\u00a0\u00bboff\u00a0\u00bb button_text_color__hover_enabled=\u00a0\u00bboff\u00a0\u00bb button_one_text_color__hover_enabled=\u00a0\u00bboff\u00a0\u00bb button_two_text_color__hover_enabled=\u00a0\u00bboff\u00a0\u00bb button_border_width__hover_enabled=\u00a0\u00bboff\u00a0\u00bb button_one_border_width__hover_enabled=\u00a0\u00bboff\u00a0\u00bb button_two_border_width__hover_enabled=\u00a0\u00bboff\u00a0\u00bb button_border_color__hover_enabled=\u00a0\u00bboff\u00a0\u00bb button_one_border_color__hover_enabled=\u00a0\u00bboff\u00a0\u00bb button_two_border_color__hover_enabled=\u00a0\u00bboff\u00a0\u00bb button_border_radius__hover_enabled=\u00a0\u00bboff\u00a0\u00bb button_one_border_radius__hover_enabled=\u00a0\u00bboff\u00a0\u00bb button_two_border_radius__hover_enabled=\u00a0\u00bboff\u00a0\u00bb button_letter_spacing__hover_enabled=\u00a0\u00bboff\u00a0\u00bb button_one_letter_spacing__hover_enabled=\u00a0\u00bboff\u00a0\u00bb button_two_letter_spacing__hover_enabled=\u00a0\u00bboff\u00a0\u00bb button_bg_color__hover_enabled=\u00a0\u00bboff\u00a0\u00bb button_one_bg_color__hover_enabled=\u00a0\u00bboff\u00a0\u00bb button_two_bg_color__hover_enabled=\u00a0\u00bboff\u00a0\u00bb][\/et_pb_contact_field][et_pb_contact_field field_id=\u00a0\u00bbEmail\u00a0\u00bb field_title=\u00a0\u00bbEmail Address\u00a0\u00bb field_type=\u00a0\u00bbemail\u00a0\u00bb _builder_version=\u00a0\u00bb4.16&Prime; global_colors_info=\u00a0\u00bb{}\u00a0\u00bb button_text_size__hover_enabled=\u00a0\u00bboff\u00a0\u00bb button_one_text_size__hover_enabled=\u00a0\u00bboff\u00a0\u00bb button_two_text_size__hover_enabled=\u00a0\u00bboff\u00a0\u00bb button_text_color__hover_enabled=\u00a0\u00bboff\u00a0\u00bb button_one_text_color__hover_enabled=\u00a0\u00bboff\u00a0\u00bb button_two_text_color__hover_enabled=\u00a0\u00bboff\u00a0\u00bb button_border_width__hover_enabled=\u00a0\u00bboff\u00a0\u00bb button_one_border_width__hover_enabled=\u00a0\u00bboff\u00a0\u00bb button_two_border_width__hover_enabled=\u00a0\u00bboff\u00a0\u00bb button_border_color__hover_enabled=\u00a0\u00bboff\u00a0\u00bb button_one_border_color__hover_enabled=\u00a0\u00bboff\u00a0\u00bb button_two_border_color__hover_enabled=\u00a0\u00bboff\u00a0\u00bb button_border_radius__hover_enabled=\u00a0\u00bboff\u00a0\u00bb button_one_border_radius__hover_enabled=\u00a0\u00bboff\u00a0\u00bb button_two_border_radius__hover_enabled=\u00a0\u00bboff\u00a0\u00bb button_letter_spacing__hover_enabled=\u00a0\u00bboff\u00a0\u00bb button_one_letter_spacing__hover_enabled=\u00a0\u00bboff\u00a0\u00bb button_two_letter_spacing__hover_enabled=\u00a0\u00bboff\u00a0\u00bb button_bg_color__hover_enabled=\u00a0\u00bboff\u00a0\u00bb button_one_bg_color__hover_enabled=\u00a0\u00bboff\u00a0\u00bb button_two_bg_color__hover_enabled=\u00a0\u00bboff\u00a0\u00bb][\/et_pb_contact_field][et_pb_contact_field field_id=\u00a0\u00bbMessage\u00a0\u00bb field_title=\u00a0\u00bbMessage\u00a0\u00bb field_type=\u00a0\u00bbtext\u00a0\u00bb fullwidth_field=\u00a0\u00bbon\u00a0\u00bb _builder_version=\u00a0\u00bb4.16&Prime; global_colors_info=\u00a0\u00bb{}\u00a0\u00bb button_text_size__hover_enabled=\u00a0\u00bboff\u00a0\u00bb button_one_text_size__hover_enabled=\u00a0\u00bboff\u00a0\u00bb button_two_text_size__hover_enabled=\u00a0\u00bboff\u00a0\u00bb button_text_color__hover_enabled=\u00a0\u00bboff\u00a0\u00bb button_one_text_color__hover_enabled=\u00a0\u00bboff\u00a0\u00bb button_two_text_color__hover_enabled=\u00a0\u00bboff\u00a0\u00bb button_border_width__hover_enabled=\u00a0\u00bboff\u00a0\u00bb button_one_border_width__hover_enabled=\u00a0\u00bboff\u00a0\u00bb button_two_border_width__hover_enabled=\u00a0\u00bboff\u00a0\u00bb button_border_color__hover_enabled=\u00a0\u00bboff\u00a0\u00bb button_one_border_color__hover_enabled=\u00a0\u00bboff\u00a0\u00bb button_two_border_color__hover_enabled=\u00a0\u00bboff\u00a0\u00bb button_border_radius__hover_enabled=\u00a0\u00bboff\u00a0\u00bb button_one_border_radius__hover_enabled=\u00a0\u00bboff\u00a0\u00bb button_two_border_radius__hover_enabled=\u00a0\u00bboff\u00a0\u00bb button_letter_spacing__hover_enabled=\u00a0\u00bboff\u00a0\u00bb button_one_letter_spacing__hover_enabled=\u00a0\u00bboff\u00a0\u00bb button_two_letter_spacing__hover_enabled=\u00a0\u00bboff\u00a0\u00bb button_bg_color__hover_enabled=\u00a0\u00bboff\u00a0\u00bb button_one_bg_color__hover_enabled=\u00a0\u00bboff\u00a0\u00bb button_two_bg_color__hover_enabled=\u00a0\u00bboff\u00a0\u00bb][\/et_pb_contact_field][\/et_pb_contact_form][\/et_pb_column][\/et_pb_row][\/et_pb_section][et_pb_section fb_built=\u00a0\u00bb1&Prime; admin_label=\u00a0\u00bbFAQ\u00a0\u00bb _builder_version=\u00a0\u00bb4.27.4&Prime; _module_preset=\u00a0\u00bbc70bd76e-92a2-4bd9-8b38-2402540a39de\u00a0\u00bb bottom_divider_style=\u00a0\u00bbslant2&Prime; bottom_divider_color=\u00a0\u00bb#000000&Prime; collapsed=\u00a0\u00bbon\u00a0\u00bb global_colors_info=\u00a0\u00bb{%22gcid-e5288cac-7531-4886-94a8-3214a990522b%22:%91%22background_color%22,%22background_color%22,%22background_color%22%93,%22gcid-4cfaaa52-fddc-4d95-915d-47f7e623b5e3%22:%91%22background_color_gradient_stops%22%93,%22gcid-6b5ee841-baf6-4126-949f-4c79d7f10130%22:%91%22background_color_gradient_stops%22%93,%22gcid-d20f0afd-608a-484c-883a-37bd26da1a45%22:%91%22background_color_gradient_stops%22%93}\u00a0\u00bb][et_pb_row _builder_version=\u00a0\u00bb4.27.4&Prime; _module_preset=\u00a0\u00bbdefault\u00a0\u00bb global_colors_info=\u00a0\u00bb{}\u00a0\u00bb][et_pb_column type=\u00a0\u00bb4_4&Prime; _builder_version=\u00a0\u00bb4.27.4&Prime; _module_preset=\u00a0\u00bbdefault\u00a0\u00bb global_colors_info=\u00a0\u00bb{}\u00a0\u00bb][et_pb_heading title=\u00a0\u00bbFAQ\u00a0\u00bb _builder_version=\u00a0\u00bb4.27.4&Prime; _module_preset=\u00a0\u00bb3b99510e-4cde-41d2-8edf-8d9d48c2efa5&Prime; global_colors_info=\u00a0\u00bb{}\u00a0\u00bb][\/et_pb_heading][et_pb_toggle title=\u00a0\u00bbQuels types d\u2019entreprises peuvent travailler avec vous ?\u00a0\u00bb _builder_version=\u00a0\u00bb4.27.4&Prime; _module_preset=\u00a0\u00bbd4d5e4cb-2b3b-4c6b-b55c-1cf6b89de39a\u00a0\u00bb global_colors_info=\u00a0\u00bb{}\u00a0\u00bb]<\/p>\n<p><span>We work with a wide range of businesses: restaurants, construction, real estate, retail, professional services, tourism, beauty, events, and more. Whether you are a small local business or a growing brand, our strategies adapt seamlessly to your needs.<\/span><\/p>\n<p>[\/et_pb_toggle][et_pb_toggle title=\u00a0\u00bbProposez-vous des forfaits ou des services \u00e0 la carte ?\u00a0\u00bb _builder_version=\u00a0\u00bb4.27.4&Prime; _module_preset=\u00a0\u00bbd4d5e4cb-2b3b-4c6b-b55c-1cf6b89de39a\u00a0\u00bb global_colors_info=\u00a0\u00bb{}\u00a0\u00bb]<\/p>\n<p><span>Yes, we offer both. You can choose a complete package that covers all your marketing needs, or select only the specific services you require (social media, branding, website, etc.). Our approach is 100% flexible.<\/span><\/p>\n<p>[\/et_pb_toggle][et_pb_toggle title=\u00a0\u00bbQuels sont vos tarifs et vos forfaits ?\u00a0\u00bb _builder_version=\u00a0\u00bb4.27.4&Prime; _module_preset=\u00a0\u00bbd4d5e4cb-2b3b-4c6b-b55c-1cf6b89de39a\u00a0\u00bb global_colors_info=\u00a0\u00bb{}\u00a0\u00bb]<\/p>\n<p><span>Our pricing varies depending on the scope of the project and your goals. We offer monthly packages for social media, as well as customized rates for branding and website design. A free consultation will give you a tailored estimate.<\/span><\/p>\n<p>[\/et_pb_toggle][et_pb_toggle title=\u00a0\u00bbComment fonctionne le processus de collaboration avec vous ?\u00a0\u00bb _builder_version=\u00a0\u00bb4.27.4&Prime; _module_preset=\u00a0\u00bbd4d5e4cb-2b3b-4c6b-b55c-1cf6b89de39a\u00a0\u00bb global_colors_info=\u00a0\u00bb{}\u00a0\u00bb]<\/p>\n<p data-start=\"2690\" data-end=\"2749\">Our collaboration takes place in four simple steps:<\/p>\n<ol data-start=\"2750\" data-end=\"3037\">\n<li data-start=\"2750\" data-end=\"2815\">\n<p data-start=\"2753\" data-end=\"2815\" class=\"translation-block\"><strong data-start=\"2753\" data-end=\"2764\">Analysis<\/strong> \u2013 We take the time to understand your needs and define clear goals.<\/p>\n<\/li>\n<li data-start=\"2816\" data-end=\"2878\">\n<p data-start=\"2819\" data-end=\"2878\" class=\"translation-block\"><strong data-start=\"2819\" data-end=\"2832\">Strategy<\/strong> \u2013 We craft a precise, effective plan tailored to your goals.<\/p>\n<\/li>\n<li data-start=\"2879\" data-end=\"2956\">\n<p data-start=\"2882\" data-end=\"2956\" class=\"translation-block\"><strong data-start=\"2882\" data-end=\"2894\">Creation<\/strong> \u2013 We bring your brand to life through tailored content, elegant designs, and impactful campaigns.<\/p>\n<\/li>\n<li data-start=\"2957\" data-end=\"3037\">\n<p data-start=\"2960\" data-end=\"3037\" class=\"translation-block\"><strong data-start=\"2960\" data-end=\"2974\">Growth<\/strong> \u2013 We monitor results closely and continuously optimize your performance for lasting growth.<\/p>\n<\/li>\n<\/ol>\n<p>[\/et_pb_toggle][\/et_pb_column][\/et_pb_row][\/et_pb_section]<\/p>","protected":false},"excerpt":{"rendered":"<p>(506) 888-4620info@marketingbyaudrey.com &nbsp;Nous travaillons avec une grande vari\u00e9t\u00e9 d\u2019entreprises : restauration, construction, immobilier, commerce de d\u00e9tail, services professionnels, tourisme, beaut\u00e9, \u00e9v\u00e9nementiel et bien plus. Que vous soyez une petite entreprise locale ou une marque en pleine croissance, nos strat\u00e9gies s\u2019adaptent \u00e0 vos besoins.Oui, nous proposons les deux. Vous pouvez choisir un forfait complet qui couvre [&hellip;]<\/p>","protected":false},"author":1,"featured_media":0,"parent":0,"menu_order":0,"comment_status":"closed","ping_status":"closed","template":"","meta":{"_et_pb_use_builder":"on","_et_pb_old_content":"","_et_gb_content_width":"","_uag_custom_page_level_css":"","footnotes":""},"class_list":["post-2021","page","type-page","status-publish","hentry"],"aioseo_notices":[],"_hostinger_reach_plugin_has_subscription_block":false,"_hostinger_reach_plugin_is_elementor":false,"uagb_featured_image_src":{"full":false,"thumbnail":false,"medium":false,"medium_large":false,"large":false,"1536x1536":false,"2048x2048":false,"trp-custom-language-flag":false,"et-pb-post-main-image":false,"et-pb-post-main-image-fullwidth":false,"et-pb-portfolio-image":false,"et-pb-portfolio-module-image":false,"et-pb-portfolio-image-single":false,"et-pb-gallery-module-image-portrait":false,"et-pb-post-main-image-fullwidth-large":false,"et-pb-image--responsive--desktop":false,"et-pb-image--responsive--tablet":false,"et-pb-image--responsive--phone":false},"uagb_author_info":{"display_name":"audrey.mallet14@gmail.com","author_link":"https:\/\/marketingbyaudrey.com\/en\/author\/audrey-mallet14gmail-com\/"},"uagb_comment_info":0,"uagb_excerpt":"(506) 888-4620info@marketingbyaudrey.com &nbsp;Nous travaillons avec une grande vari\u00e9t\u00e9 d\u2019entreprises : restauration, construction, immobilier, commerce de d\u00e9tail, services professionnels, tourisme, beaut\u00e9, \u00e9v\u00e9nementiel et bien plus. Que vous soyez une petite entreprise locale ou une marque en pleine croissance, nos strat\u00e9gies s\u2019adaptent \u00e0 vos besoins.Oui, nous proposons les deux. Vous pouvez choisir un forfait complet qui couvre&hellip;","_links":{"self":[{"href":"https:\/\/marketingbyaudrey.com\/en\/wp-json\/wp\/v2\/pages\/2021","targetHints":{"allow":["GET"]}}],"collection":[{"href":"https:\/\/marketingbyaudrey.com\/en\/wp-json\/wp\/v2\/pages"}],"about":[{"href":"https:\/\/marketingbyaudrey.com\/en\/wp-json\/wp\/v2\/types\/page"}],"author":[{"embeddable":true,"href":"https:\/\/marketingbyaudrey.com\/en\/wp-json\/wp\/v2\/users\/1"}],"replies":[{"embeddable":true,"href":"https:\/\/marketingbyaudrey.com\/en\/wp-json\/wp\/v2\/comments?post=2021"}],"version-history":[{"count":5,"href":"https:\/\/marketingbyaudrey.com\/en\/wp-json\/wp\/v2\/pages\/2021\/revisions"}],"predecessor-version":[{"id":2178,"href":"https:\/\/marketingbyaudrey.com\/en\/wp-json\/wp\/v2\/pages\/2021\/revisions\/2178"}],"wp:attachment":[{"href":"https:\/\/marketingbyaudrey.com\/en\/wp-json\/wp\/v2\/media?parent=2021"}],"curies":[{"name":"wp","href":"https:\/\/api.w.org\/{rel}","templated":true}]}}